{"id":5051,"date":"2019-06-14T17:14:59","date_gmt":"2019-06-14T15:14:59","guid":{"rendered":"https:\/\/hunep.hu\/kapcsolat\/"},"modified":"2020-12-21T13:37:41","modified_gmt":"2020-12-21T12:37:41","slug":"contact","status":"publish","type":"page","link":"https:\/\/www.hunep.hu\/en\/contact\/","title":{"rendered":"Contact"},"content":{"rendered":"<p>[vc_row cth_layout=&#8221;balkon_head_sec&#8221; is_fullwidth=&#8221;wide&#8221; parallax_inner_pos=&#8221;cover&#8221; overlay_color=&#8221;#000000&#8243; parallax_inner_val=&#8221;translateY: &#8216;200px'&#8221; parallax_inner=&#8221;1946&#8243; el_id=&#8221;sec1&#8243; css=&#8221;.vc_custom_1566983152571{padding-bottom: 8% !important;}&#8221;][vc_column][balkon_head_title title_text=&#8221;Contact&#8221; subtitle_text=&#8221;&#8221; show_sep=&#8221;no&#8221; scroll_text=&#8221;leg\u00f6rget\u00e9s&#8221;][\/balkon_head_title][\/vc_column][\/vc_row][vc_row cth_layout=&#8221;balkon_page_sec&#8221; use_particle=&#8221;yes&#8221; particle_count=&#8221;200&#8243; particle_color=&#8221;#cccccc&#8221; el_id=&#8221;sec2&#8243; css=&#8221;.vc_custom_1574162104560{border-bottom-width: 0px !important;padding-top: 0px !important;border-bottom-color: #efa94a !important;border-bottom-style: solid !important;}&#8221;][vc_column offset=&#8221;vc_col-md-3&#8243; css=&#8221;.vc_custom_1500976218599{margin-top: 50px !important;}&#8221;][vc_column_text]<\/p>\n<div class=\"small-sec-title\">\n<h3>CONTACT INFORMATION<\/h3>\n<h3 style=\"color: #efa94a;\">HUN\u00c9P Zrt.<\/h3>\n<h3><\/h3>\n<\/div>\n<p>[\/vc_column_text][\/vc_column][vc_column offset=&#8221;vc_col-md-9&#8243; css=&#8221;.vc_custom_1500976224997{margin-top: 50px !important;}&#8221;][vc_row_inner el_class=&#8221;contact-details&#8221;][vc_column_inner offset=&#8221;vc_col-md-6&#8243;][vc_column_text]<strong>Headquarters<\/strong><\/p>\n<table class=\"kontakt\" style=\"margin-top: -10px!important;\">\n<tbody>\n<tr>\n<td><span class=\"no-rep\">Address:<\/span><\/td>\n<td><span class=\"no-upper\">H-4025 Debrecen, Simonffy str. 34-36.<\/span><\/td>\n<\/tr>\n<tr>\n<td><span class=\"no-rep\">Phone:<\/span><\/td>\n<td><span class=\"no-upper\">+00 36 (52) 507-300<\/span><\/td>\n<\/tr>\n<tr>\n<td><span class=\"no-rep\">E-mail:<\/span><\/td>\n<td><span class=\"no-upper\">titkarsag@hunep.hu<\/span><\/td>\n<\/tr>\n<tr>\n<td><\/td>\n<td><\/td>\n<\/tr>\n<\/tbody>\n<\/table>\n<p>[\/vc_column_text][\/vc_column_inner][vc_column_inner offset=&#8221;vc_col-md-6&#8243;][vc_column_text]<span class=\"no-rep\" style=\"color: #000;\"><strong>Location<\/strong><\/span><\/p>\n<table class=\"kontakt\" style=\"margin-top: -10px!important;\">\n<tbody>\n<tr>\n<td><span class=\"no-rep\">Address:<\/span><\/td>\n<td><span class=\"no-upper\">H-4034 Debrecen, V\u00e1g\u00f3h\u00edd str. 14.<\/span><\/td>\n<\/tr>\n<tr>\n<td><span class=\"no-rep\">Phone: <\/span><\/td>\n<td><span class=\"no-upper\">+00 36 (52) 527-678<\/span><\/td>\n<\/tr>\n<tr>\n<td><span class=\"no-rep\">E-mail: <\/span><\/td>\n<td><span class=\"no-upper\">titkarsag@hunep.hu<\/span><\/td>\n<\/tr>\n<\/tbody>\n<\/table>\n<p>[\/vc_column_text][\/vc_column_inner][\/vc_row_inner][\/vc_column][vc_column css=&#8221;.vc_custom_1560526152812{padding-top: 4% !important;}&#8221;][balkon_gmap map_lat=&#8221;47.527965&#8243; map_long=&#8221;21.619509&#8243; map_address=&#8221;HUN\u00c9P Zrt. K\u00f6zpont (Debrecen, Simonffy u. 34-36., 4025)&#8221; add_address=&#8221;47.521542;21.652811;HUN\u00c9P Zrt. Telephely (Debrecen, V\u00e1g\u00f3h\u00edd u. 14, 4034)&#8221; map_zoom=&#8221;13&#8243; map_marker=&#8221;2650&#8243; map_height=&#8221;100%&#8221; el_class=&#8221;elrejt&#8221;][vc_raw_html]JTVCZ29vZ2xlX21hcF9lYXN5JTIwaWQlM0QlMjIxJTIyJTVE[\/vc_raw_html][\/vc_column][\/vc_row]<\/p>\n","protected":false},"excerpt":{"rendered":"<p>[vc_row cth_layout=&#8221;balkon_head_sec&#8221; is_fullwidth=&#8221;wide&#8221; parallax_inner_pos=&#8221;cover&#8221; overlay_color=&#8221;#000000&#8243; parallax_inner_val=&#8221;translateY: &#8216;200px&#8217;&#8221; parallax_inner=&#8221;1946&#8243; el_id=&#8221;sec1&#8243; css=&#8221;.vc_custom_1566983152571{padding-bottom: 8% !important;}&#8221;][vc_column][balkon_head_title title_text=&#8221;Contact&#8221; subtitle_text=&#8221;&#8221; show_sep=&#8221;no&#8221; scroll_text=&#8221;leg\u00f6rget\u00e9s&#8221;][\/balkon_head_title][\/vc_column][\/vc_row][vc_row cth_layout=&#8221;balkon_page_sec&#8221; use_particle=&#8221;yes&#8221; particle_count=&#8221;200&#8243; particle_color=&#8221;#cccccc&#8221; el_id=&#8221;sec2&#8243; css=&#8221;.vc_custom_1574162104560{border-bottom-width: 0px !important;padding-top: 0px !important;border-bottom-color: #efa94a !important;border-bottom-style: solid !important;}&#8221;][vc_column offset=&#8221;vc_col-md-3&#8243; css=&#8221;.vc_custom_1500976218599{margin-top: 50px !important;}&#8221;][vc_column_text] CONTACT INFORMATION HUN\u00c9P Zrt. [\/vc_column_text][\/vc_column][vc_column offset=&#8221;vc_col-md-9&#8243; css=&#8221;.vc_custom_1500976224997{margin-top: 50px !important;}&#8221;][vc_row_inner el_class=&#8221;contact-details&#8221;][vc_column_inner offset=&#8221;vc_col-md-6&#8243;][vc_column_text]Headquarters Address: H-4025 Debrecen, Simonffy str. 34-36. Phone: +00 36 (52) [&hellip;]<\/p>\n","protected":false},"author":3,"featured_media":0,"parent":0,"menu_order":0,"comment_status":"closed","ping_status":"closed","template":"homepage.php","meta":{"footnotes":""},"class_list":["post-5051","page","type-page","status-publish","hentry"],"_links":{"self":[{"href":"https:\/\/www.hunep.hu\/en\/wp-json\/wp\/v2\/pages\/5051","targetHints":{"allow":["GET"]}}],"collection":[{"href":"https:\/\/www.hunep.hu\/en\/wp-json\/wp\/v2\/pages"}],"about":[{"href":"https:\/\/www.hunep.hu\/en\/wp-json\/wp\/v2\/types\/page"}],"author":[{"embeddable":true,"href":"https:\/\/www.hunep.hu\/en\/wp-json\/wp\/v2\/users\/3"}],"replies":[{"embeddable":true,"href":"https:\/\/www.hunep.hu\/en\/wp-json\/wp\/v2\/comments?post=5051"}],"version-history":[{"count":3,"href":"https:\/\/www.hunep.hu\/en\/wp-json\/wp\/v2\/pages\/5051\/revisions"}],"predecessor-version":[{"id":5066,"href":"https:\/\/www.hunep.hu\/en\/wp-json\/wp\/v2\/pages\/5051\/revisions\/5066"}],"wp:attachment":[{"href":"https:\/\/www.hunep.hu\/en\/wp-json\/wp\/v2\/media?parent=5051"}],"curies":[{"name":"wp","href":"https:\/\/api.w.org\/{rel}","templated":true}]}}